{"id":3319,"date":"2023-04-07T14:36:14","date_gmt":"2023-04-07T14:36:14","guid":{"rendered":"https:\/\/aurelius.law\/?page_id=3319"},"modified":"2023-07-06T06:54:00","modified_gmt":"2023-07-06T06:54:00","slug":"legal-notice","status":"publish","type":"page","link":"https:\/\/aurelius.law\/de\/legal-notice\/","title":{"rendered":"Impressum"},"content":{"rendered":"<div data-elementor-type=\"wp-page\" data-elementor-id=\"3319\" class=\"elementor elementor-3319\" data-elementor-post-type=\"page\">\n\t\t\t\t\t\t<section class=\"elementor-section elementor-top-section elementor-element elementor-element-63897f4 elementor-section-boxed elementor-section-height-default elementor-section-height-default\" data-id=\"63897f4\" data-element_type=\"section\">\n\t\t\t\t\t\t<div class=\"elementor-container elementor-column-gap-no\">\n\t\t\t\t\t<div class=\"elementor-column elementor-col-33 elementor-top-column elementor-element elementor-element-ab5b163\" data-id=\"ab5b163\" data-element_type=\"column\">\n\t\t\t<div class=\"elementor-widget-wrap elementor-element-populated\">\n\t\t\t\t\t\t<div class=\"elementor-element elementor-element-d5171e3 elementor-widget elementor-widget-heading\" data-id=\"d5171e3\" data-element_type=\"widget\" data-settings=\"{&quot;sticky&quot;:&quot;top&quot;,&quot;sticky_offset&quot;:170,&quot;sticky_parent&quot;:&quot;yes&quot;,&quot;sticky_on&quot;:[&quot;desktop&quot;,&quot;tablet_extra&quot;,&quot;tablet&quot;,&quot;mobile&quot;],&quot;sticky_effects_offset&quot;:0,&quot;sticky_anchor_link_offset&quot;:0}\" data-widget_type=\"heading.default\">\n\t\t\t\t<div class=\"elementor-widget-container\">\n\t\t\t\t\t<h3 class=\"elementor-heading-title elementor-size-large\">Impressum<\/h3>\t\t\t\t<\/div>\n\t\t\t\t<\/div>\n\t\t\t\t\t<\/div>\n\t\t<\/div>\n\t\t\t\t<div class=\"elementor-column elementor-col-66 elementor-top-column elementor-element elementor-element-e0385f3\" data-id=\"e0385f3\" data-element_type=\"column\">\n\t\t\t<div class=\"elementor-widget-wrap elementor-element-populated\">\n\t\t\t\t\t<div class=\"elementor-background-overlay\"><\/div>\n\t\t\t\t\t\t<div class=\"elementor-element elementor-element-9ee0c15 elementor-widget elementor-widget-text-editor\" data-id=\"9ee0c15\" data-element_type=\"widget\" data-settings=\"{&quot;motion_fx_motion_fx_scrolling&quot;:&quot;yes&quot;,&quot;motion_fx_devices&quot;:[&quot;desktop&quot;,&quot;tablet_extra&quot;,&quot;tablet&quot;,&quot;mobile&quot;]}\" data-widget_type=\"text-editor.default\">\n\t\t\t\t<div class=\"elementor-widget-container\">\n\t\t\t\t\t\t\t\t\t<p><b>Name und Anschrift des Anbieters der Website:<\/b><\/p>\n<p>Aurelius Cotta &#8211; Konrad Pika Trippel Partnerschaft von Rechtsanw\u00e4lten mbB<\/p>\n<p>Eschersheimer Landstra\u00dfe 14<\/p>\n<p>60322 Frankfurt am Main<\/p>\n<p>Telefon: <a href=\"tel: +4969756640301\">+49 69 756640300<\/a><\/p>\n<p class=\"translation-block\">E-Mail: <a href=\"mailto:contact@aurelius.law\" target=\"_self\">contact@aurelius.law<\/a><span class=\"Apple-converted-space\">\u00a0<\/span><\/p>\n<p><strong>Rechtsform und Vertretungsberechtigung<\/strong><\/p>\n<p>Die Aurelius Cotta - Konrad Pika Trippel Partnerschaft von Rechtsanw\u00e4lten mbB ist eine Partnerschaftsgesellschaft mit beschr\u00e4nkter Berufshaftung nach Ma\u00dfgabe des Partnerschaftsgesellschaftsgesetzes (PartGG) mit Sitz in Frankfurt am Main. Sie ist im Partnerschaftsregister beim Amtsgericht Frankfurt am Main unter der Registernummer PR 3030 eingetragen und hat die Umsatzsteuer ID DE361031748. Vertretungsberechtigte Partner i.S.d. PartGG sind Dr. Sabine Konrad, Dr. Maximilian Pika und Pierre Trippel.<\/p>\n<p><b>Berufsbezeichnung, Zulassung, zust\u00e4ndige Rechtsanwaltskammer und berufsrechtliche Regelungen:<\/b><\/p>\n<p class=\"translation-block\">Alle Rechtsanw\u00e4lte der Kanzlei sind Berufstr\u00e4ger nach deutschem Recht und sind in der Bundesrepublik Deutschland zugelassen. Alle Rechtsanw\u00e4lte sind Mitglieder der Rechtsanwaltskammer Frankfurt am Main (<a href=\"http:\/\/www.rechtsanwaltskammer-ffm.de\" target=\"_self\">www.rechtsanwaltskammer-ffm.de<\/a>).<\/p>\n<p class=\"translation-block\">F\u00fcr die in Deutschland zugelassenen Rechtsanw\u00e4lte der Kanzlei gelten insbesondere die Bundesrechtsanwaltsordnung (BRAO), die Berufsordnung f\u00fcr Rechtsanw\u00e4lte (BORA), das Rechtsanwaltsverg\u00fctungsgesetz (RVG) und die Berufsregeln der Rechtsanw\u00e4lte der Europ\u00e4ischen Union (CCBE). Diese k\u00f6nnen eingesehen werden unter <a href=\"http:\/\/www.gesetze-im-internet.de\" target=\"_blank\" rel=\"noopener\">www.gesetze-im-internet.de<\/a> bzw. auf der Website der Bundesrechtsanwaltskammer unter <a href=\"http:\/\/www.brak.de\" target=\"_blank\" rel=\"noopener\">www.brak.de<\/a> unter \u201eBerufsrecht\u201c auf Deutsch und Englisch.<\/p>\n<p><b>Berufshaftpflichtversicherung<\/b><\/p>\n<p>Die Aurelius Cotta - Konrad Pika Trippel Partnerschaft von Rechtsanw\u00e4lten mbB ist bei der Allianz Versicherungs-Aktiengesellschaft versichert. Diese Versicherung gilt weltweit, einschlie\u00dflich der USA und Kanada.<span class=\"Apple-converted-space\">&nbsp;<\/span><\/p>\n<p><b>Anwendbares Recht, Informationen, Haftung und Streitbeilegung f\u00fcr Verbraucher:<\/b><\/p>\n<p>Die rechtlichen Hinweise auf dieser Seite sowie alle Fragen und Streitigkeiten im Zusammenhang mit dieser Webseite unterliegen dem Recht der Bundesrepublik Deutschland.<span class=\"Apple-converted-space\">&nbsp;<\/span><\/p>\n<p>Es wurden alle Anstrengungen unternommen, um die Richtigkeit der auf diesen Webseiten enthaltenen Informationen und Links zu gew\u00e4hrleisten. Jedoch ist jegliche Haftung im Zusammenhang mit der Nutzung der Informationen, der Links oder dem Vertrauen auf deren Richtigkeit ausgeschlossen. Die auf dieser Webseite enthaltenen Informationen stellen keine Rechtsberatung dar.<\/p>\n<p class=\"translation-block\">Die EU-Kommission stellt eine Plattform zur au\u00dfergerichtlichen Online-Streitbeilegung bereit: <a href=\"http:\/\/ec.europa.eu\/odr\" target=\"_self\">http:\/\/ec.europa.eu\/odr<\/a>.<\/p>\n<p class=\"translation-block\">Die zust\u00e4ndige Verbraucherschlichtungsstelle in Deutschland f\u00fcr verm\u00f6gensrechtliche Streitigkeiten aus einem Mandatsverh\u00e4ltnis ist die Schlichtungsstelle der Rechtsanwaltschaft, Rauchstra\u00dfe 26, D-10787 Berlin, <a href=\"http:\/\/www.schlichtungsstelle-der-rechtsanwaltschaft.de\" target=\"_self\">www.schlichtungsstelle-der-rechtsanwaltschaft.de<\/a>.<span class=\"Apple-converted-space\">\u00a0<\/span><\/p>\n<p>Die Aurelius Cotta - Konrad Pika Trippel Partnerschaft von Rechtsanw\u00e4lten mbB ist nicht verpflichtet und nicht bereit an Streitbeilegungsverfahren vor Verbraucherschlichtungsstellen teilzunehmen.<span class=\"Apple-converted-space\">&nbsp;<\/span><\/p>\n<p><b>Urheberrecht:<\/b><\/p>\n<p class=\"translation-block\">Einzelne Seiten dieser Webseite d\u00fcrfen zum ausschlie\u00dflichen Gebrauch innerhalb Ihres Unternehmens gedruckt werden. Jede andere Vervielf\u00e4ltigung, Verbreitung oder Wiedergabe dieser Webseite bedarf der ausdr\u00fccklichen Einwilligung von Aurelius Cotta - Konrad Pika Trippel Partnerschaft von Rechtsanw\u00e4lten mbB. Anfragen hierzu richten Sie bitte an <a href=\"mailto:contact@aurelius.law\" target=\"_self\">contact@aurelius.law<\/a>.<\/p>\n<p><b>Weiter Geltung f\u00fcr Social Media Profile:<\/b><\/p>\n<p>Dieses Impressum gilt auch f\u00fcr das Social Media Profil der Kanzlei auf LinkedIn.<\/p>\t\t\t\t\t\t\t\t<\/div>\n\t\t\t\t<\/div>\n\t\t\t\t\t<\/div>\n\t\t<\/div>\n\t\t\t\t\t<\/div>\n\t\t<\/section>\n\t\t\t\t<\/div>","protected":false},"excerpt":{"rendered":"<p>Impressum Name and address of website provider: Aurelius Cotta &#8211; Konrad Pika Trippel Partnerschaft von Rechtsanw\u00e4lten mbB Eschersheimer Landstra\u00dfe 14 60322 Frankfurt am Main Phone: +49 69 756640300 Email: contact@aurelius.law&nbsp; Legal form and right of representation: Aurelius Cotta &#8211; Konrad Pika Trippel Partnerschaft von Rechtsanw\u00e4lten mbB is a Partnership of Lawyers with Limited Professional Liability [&hellip;]<\/p>","protected":false},"author":1,"featured_media":0,"parent":0,"menu_order":0,"comment_status":"closed","ping_status":"closed","template":"elementor_header_footer","meta":{"_acf_changed":false,"footnotes":""},"class_list":["post-3319","page","type-page","status-publish","hentry"],"acf":[],"_links":{"self":[{"href":"https:\/\/aurelius.law\/de\/wp-json\/wp\/v2\/pages\/3319","targetHints":{"allow":["GET"]}}],"collection":[{"href":"https:\/\/aurelius.law\/de\/wp-json\/wp\/v2\/pages"}],"about":[{"href":"https:\/\/aurelius.law\/de\/wp-json\/wp\/v2\/types\/page"}],"author":[{"embeddable":true,"href":"https:\/\/aurelius.law\/de\/wp-json\/wp\/v2\/users\/1"}],"replies":[{"embeddable":true,"href":"https:\/\/aurelius.law\/de\/wp-json\/wp\/v2\/comments?post=3319"}],"version-history":[{"count":14,"href":"https:\/\/aurelius.law\/de\/wp-json\/wp\/v2\/pages\/3319\/revisions"}],"predecessor-version":[{"id":5625,"href":"https:\/\/aurelius.law\/de\/wp-json\/wp\/v2\/pages\/3319\/revisions\/5625"}],"wp:attachment":[{"href":"https:\/\/aurelius.law\/de\/wp-json\/wp\/v2\/media?parent=3319"}],"curies":[{"name":"wp","href":"https:\/\/api.w.org\/{rel}","templated":true}]}}