{"id":3547,"date":"2023-04-09T09:12:56","date_gmt":"2023-04-09T09:12:56","guid":{"rendered":"https:\/\/aurelius.law\/?page_id=3547"},"modified":"2024-11-11T10:30:31","modified_gmt":"2024-11-11T10:30:31","slug":"pierre-trippel","status":"publish","type":"page","link":"https:\/\/aurelius.law\/de\/pierre-trippel\/","title":{"rendered":"Pierre Trippel"},"content":{"rendered":"<div data-elementor-type=\"wp-page\" data-elementor-id=\"3547\" class=\"elementor elementor-3547\" data-elementor-post-type=\"page\">\n\t\t\t\t\t\t<section class=\"elementor-section elementor-top-section elementor-element elementor-element-59b579d elementor-section-boxed elementor-section-height-default elementor-section-height-default\" data-id=\"59b579d\" data-element_type=\"section\">\n\t\t\t\t\t\t<div class=\"elementor-container elementor-column-gap-no\">\n\t\t\t\t\t<div class=\"elementor-column elementor-col-100 elementor-top-column elementor-element elementor-element-f932c7e\" data-id=\"f932c7e\" data-element_type=\"column\">\n\t\t\t<div class=\"elementor-widget-wrap elementor-element-populated\">\n\t\t\t\t\t\t<section class=\"elementor-section elementor-inner-section elementor-element elementor-element-9fcde22 elementor-section-full_width elementor-section-height-min-height elementor-section-height-default\" data-id=\"9fcde22\" data-element_type=\"section\">\n\t\t\t\t\t\t<div class=\"elementor-container elementor-column-gap-no\">\n\t\t\t\t\t<div class=\"elementor-column elementor-col-100 elementor-inner-column elementor-element elementor-element-c48efc5\" data-id=\"c48efc5\" data-element_type=\"column\" data-settings=\"{&quot;background_background&quot;:&quot;classic&quot;}\">\n\t\t\t<div class=\"elementor-widget-wrap elementor-element-populated\">\n\t\t\t\t\t\t<div class=\"elementor-element elementor-element-6ddd5e6 elementor-widget elementor-widget-spacer\" data-id=\"6ddd5e6\" data-element_type=\"widget\" data-widget_type=\"spacer.default\">\n\t\t\t\t<div class=\"elementor-widget-container\">\n\t\t\t\t\t\t\t<div class=\"elementor-spacer\">\n\t\t\t<div class=\"elementor-spacer-inner\"><\/div>\n\t\t<\/div>\n\t\t\t\t\t\t<\/div>\n\t\t\t\t<\/div>\n\t\t\t\t\t<\/div>\n\t\t<\/div>\n\t\t\t\t\t<\/div>\n\t\t<\/section>\n\t\t\t\t<section class=\"elementor-section elementor-inner-section elementor-element elementor-element-e3003c9 elementor-section-full_width elementor-section-height-default elementor-section-height-default\" data-id=\"e3003c9\" data-element_type=\"section\">\n\t\t\t\t\t\t<div class=\"elementor-container elementor-column-gap-no\">\n\t\t\t\t\t<div class=\"elementor-column elementor-col-33 elementor-inner-column elementor-element elementor-element-a487ae5 cv-foto\" data-id=\"a487ae5\" data-element_type=\"column\" data-settings=\"{&quot;background_background&quot;:&quot;classic&quot;}\">\n\t\t\t<div class=\"elementor-widget-wrap elementor-element-populated\">\n\t\t\t\t\t\t<div class=\"elementor-element elementor-element-e734290 elementor-widget elementor-widget-spacer\" data-id=\"e734290\" data-element_type=\"widget\" data-widget_type=\"spacer.default\">\n\t\t\t\t<div class=\"elementor-widget-container\">\n\t\t\t\t\t\t\t<div class=\"elementor-spacer\">\n\t\t\t<div class=\"elementor-spacer-inner\"><\/div>\n\t\t<\/div>\n\t\t\t\t\t\t<\/div>\n\t\t\t\t<\/div>\n\t\t\t\t\t<\/div>\n\t\t<\/div>\n\t\t\t\t<div class=\"elementor-column elementor-col-33 elementor-inner-column elementor-element elementor-element-9536fe2 elementor-hidden-desktop elementor-hidden-tablet elementor-hidden-tablet_extra cv-mobile\" data-id=\"9536fe2\" data-element_type=\"column\" data-settings=\"{&quot;background_background&quot;:&quot;classic&quot;}\">\n\t\t\t<div class=\"elementor-widget-wrap elementor-element-populated\">\n\t\t\t\t\t\t<div class=\"elementor-element elementor-element-cf55580 elementor-hidden-desktop elementor-hidden-tablet_extra elementor-hidden-tablet elementor-widget elementor-widget-heading\" data-id=\"cf55580\" data-element_type=\"widget\" data-widget_type=\"heading.default\">\n\t\t\t\t<div class=\"elementor-widget-container\">\n\t\t\t\t\t<h1 class=\"elementor-heading-title elementor-size-large\">Pierre Trippel<\/h1>\t\t\t\t<\/div>\n\t\t\t\t<\/div>\n\t\t\t\t<div class=\"elementor-element elementor-element-ea199ac elementor-hidden-desktop elementor-hidden-tablet_extra elementor-hidden-tablet elementor-widget-divider--view-line elementor-widget elementor-widget-divider\" data-id=\"ea199ac\" data-element_type=\"widget\" data-widget_type=\"divider.default\">\n\t\t\t\t<div class=\"elementor-widget-container\">\n\t\t\t\t\t\t\t<div class=\"elementor-divider\">\n\t\t\t<span class=\"elementor-divider-separator\">\n\t\t\t\t\t\t<\/span>\n\t\t<\/div>\n\t\t\t\t\t\t<\/div>\n\t\t\t\t<\/div>\n\t\t\t\t<div class=\"elementor-element elementor-element-14bdb57 elementor-hidden-desktop elementor-hidden-tablet_extra elementor-hidden-tablet elementor-widget elementor-widget-heading\" data-id=\"14bdb57\" data-element_type=\"widget\" data-widget_type=\"heading.default\">\n\t\t\t\t<div class=\"elementor-widget-container\">\n\t\t\t\t\t<h3 class=\"elementor-heading-title elementor-size-large\">Partner<\/h3>\t\t\t\t<\/div>\n\t\t\t\t<\/div>\n\t\t\t\t<div class=\"elementor-element elementor-element-9c3c0de elementor-widget elementor-widget-spacer\" data-id=\"9c3c0de\" data-element_type=\"widget\" data-widget_type=\"spacer.default\">\n\t\t\t\t<div class=\"elementor-widget-container\">\n\t\t\t\t\t\t\t<div class=\"elementor-spacer\">\n\t\t\t<div class=\"elementor-spacer-inner\"><\/div>\n\t\t<\/div>\n\t\t\t\t\t\t<\/div>\n\t\t\t\t<\/div>\n\t\t\t\t<div class=\"elementor-element elementor-element-8100fde elementor-widget__width-initial elementor-widget-tablet__width-inherit elementor-hidden-desktop elementor-hidden-tablet_extra elementor-hidden-tablet elementor-widget elementor-widget-text-editor\" data-id=\"8100fde\" data-element_type=\"widget\" data-widget_type=\"text-editor.default\">\n\t\t\t\t<div class=\"elementor-widget-container\">\n\t\t\t\t\t\t\t\t\t<p><a href=\"tel:+49151522687\"><span style=\"color: #000000;\">+49 151 52246154<\/span><\/a><\/p><p><span style=\"color: #000000;\"><a style=\"color: #000000;\" href=\"mailto:contact@\u00adaurelius.law\">pierre.trippel@aurelius.law<\/a><br \/><\/span><\/p>\t\t\t\t\t\t\t\t<\/div>\n\t\t\t\t<\/div>\n\t\t\t\t\t<\/div>\n\t\t<\/div>\n\t\t\t\t<div class=\"elementor-column elementor-col-33 elementor-inner-column elementor-element elementor-element-607938b cv-text\" data-id=\"607938b\" data-element_type=\"column\" data-settings=\"{&quot;background_background&quot;:&quot;classic&quot;}\">\n\t\t\t<div class=\"elementor-widget-wrap elementor-element-populated\">\n\t\t\t\t\t\t<div class=\"elementor-element elementor-element-3b807d0 elementor-hidden-mobile elementor-widget elementor-widget-heading\" data-id=\"3b807d0\" data-element_type=\"widget\" data-widget_type=\"heading.default\">\n\t\t\t\t<div class=\"elementor-widget-container\">\n\t\t\t\t\t<h1 class=\"elementor-heading-title elementor-size-large\">Pierre Trippel<\/h1>\t\t\t\t<\/div>\n\t\t\t\t<\/div>\n\t\t\t\t<div class=\"elementor-element elementor-element-a2487b5 elementor-hidden-mobile elementor-widget-divider--view-line elementor-widget elementor-widget-divider\" data-id=\"a2487b5\" data-element_type=\"widget\" data-widget_type=\"divider.default\">\n\t\t\t\t<div class=\"elementor-widget-container\">\n\t\t\t\t\t\t\t<div class=\"elementor-divider\">\n\t\t\t<span class=\"elementor-divider-separator\">\n\t\t\t\t\t\t<\/span>\n\t\t<\/div>\n\t\t\t\t\t\t<\/div>\n\t\t\t\t<\/div>\n\t\t\t\t<div class=\"elementor-element elementor-element-bf8df7b elementor-hidden-mobile elementor-widget elementor-widget-heading\" data-id=\"bf8df7b\" data-element_type=\"widget\" data-widget_type=\"heading.default\">\n\t\t\t\t<div class=\"elementor-widget-container\">\n\t\t\t\t\t<h3 class=\"elementor-heading-title elementor-size-large\">Partner<\/h3>\t\t\t\t<\/div>\n\t\t\t\t<\/div>\n\t\t\t\t<div class=\"elementor-element elementor-element-b8cd789 elementor-widget-divider--view-line elementor-widget elementor-widget-divider\" data-id=\"b8cd789\" data-element_type=\"widget\" data-widget_type=\"divider.default\">\n\t\t\t\t<div class=\"elementor-widget-container\">\n\t\t\t\t\t\t\t<div class=\"elementor-divider\">\n\t\t\t<span class=\"elementor-divider-separator\">\n\t\t\t\t\t\t<\/span>\n\t\t<\/div>\n\t\t\t\t\t\t<\/div>\n\t\t\t\t<\/div>\n\t\t\t\t<div class=\"elementor-element elementor-element-21e148b elementor-widget__width-initial elementor-widget-tablet__width-inherit elementor-widget-mobile__width-initial elementor-hidden-mobile elementor-widget elementor-widget-text-editor\" data-id=\"21e148b\" data-element_type=\"widget\" data-widget_type=\"text-editor.default\">\n\t\t\t\t<div class=\"elementor-widget-container\">\n\t\t\t\t\t\t\t\t\t<p><a href=\"tel:+49151522687\"><span style=\"color: #000000;\">+49 151 52246154<\/span><\/a><\/p><p><span style=\"color: #000000;\"><a style=\"color: #000000;\" href=\"mailto:contact@\u00adaurelius.law\">pierre.trippel@aurelius.law<\/a><br \/><\/span><\/p>\t\t\t\t\t\t\t\t<\/div>\n\t\t\t\t<\/div>\n\t\t\t\t<div class=\"elementor-element elementor-element-8ebe1ba elementor-widget__width-initial elementor-widget-tablet__width-inherit elementor-hidden-desktop elementor-hidden-tablet_extra elementor-hidden-tablet elementor-widget elementor-widget-text-editor\" data-id=\"8ebe1ba\" data-element_type=\"widget\" data-widget_type=\"text-editor.default\">\n\t\t\t\t<div class=\"elementor-widget-container\">\n\t\t\t\t\t\t\t\t\t<p><a href=\"https:\/\/www.linkedin.com\/in\/pierre-trippel\/\" target=\"_blank\" rel=\"noopener\">LinkedIn<\/a><span style=\"color: #000000;\"> |\u00a0<\/span><a href=\"https:\/\/aurelius.law\/wp-content\/uploads\/CV-PT-EN.pdf\" target=\"_blank\" rel=\"noopener\">CV Herunterladen<\/a><span style=\"color: #000000;\">\u00a0| <\/span><a href=\"https:\/\/aurelius.law\/wp-content\/uploads\/Pierre-Trippel.vcf\" target=\"_blank\" rel=\"noopener\">vCard Herunterladen<\/a><\/p>\t\t\t\t\t\t\t\t<\/div>\n\t\t\t\t<\/div>\n\t\t\t\t<div class=\"elementor-element elementor-element-d23959f elementor-widget__width-initial elementor-widget-tablet__width-inherit elementor-widget-mobile__width-initial elementor-hidden-mobile elementor-widget elementor-widget-text-editor\" data-id=\"d23959f\" data-element_type=\"widget\" data-widget_type=\"text-editor.default\">\n\t\t\t\t<div class=\"elementor-widget-container\">\n\t\t\t\t\t\t\t\t\t<p><a href=\"https:\/\/www.linkedin.com\/in\/pierre-trippel\/\" target=\"_blank\" rel=\"noopener\">LinkedIn<\/a><\/p><p class=\"translation-block\"><span style=\"color: #000000\"><a href=\"https:\/\/aurelius.law\/wp-content\/uploads\/CV-PT_DE.pdf\" target=\"_blank\" rel=\"noopener\">CV Herunterladen<\/a>\u00a0\u00a0 | <a href=\"https:\/\/aurelius.law\/wp-content\/uploads\/Pierre-Trippel.vcf\" target=\"_blank\" rel=\"noopener\">vCard Herunterladen<\/a><br><\/span><\/p>\t\t\t\t\t\t\t\t<\/div>\n\t\t\t\t<\/div>\n\t\t\t\t<div class=\"elementor-element elementor-element-6f8fac0 elementor-widget-divider--view-line elementor-widget elementor-widget-divider\" data-id=\"6f8fac0\" data-element_type=\"widget\" data-widget_type=\"divider.default\">\n\t\t\t\t<div class=\"elementor-widget-container\">\n\t\t\t\t\t\t\t<div class=\"elementor-divider\">\n\t\t\t<span class=\"elementor-divider-separator\">\n\t\t\t\t\t\t<\/span>\n\t\t<\/div>\n\t\t\t\t\t\t<\/div>\n\t\t\t\t<\/div>\n\t\t\t\t<div class=\"elementor-element elementor-element-99df16f textbox elementor-widget elementor-widget-text-editor\" data-id=\"99df16f\" data-element_type=\"widget\" data-settings=\"{&quot;motion_fx_motion_fx_scrolling&quot;:&quot;yes&quot;,&quot;motion_fx_devices&quot;:[&quot;desktop&quot;,&quot;tablet_extra&quot;,&quot;tablet&quot;,&quot;mobile&quot;]}\" data-widget_type=\"text-editor.default\">\n\t\t\t\t<div class=\"elementor-widget-container\">\n\t\t\t\t\t\t\t\t\t<h5><strong>Qualifikationen<\/strong><\/h5><ul><li>Rechtsanwalt seit 2019<\/li><li>Bucerius Law School und Trinity College, University of Cambridge (Studium der Rechtswissenschaften)<\/li><li class=\"translation-block\">Ehemaliger Stipendiat der Studienstiftung des deutschen Volkes<\/li><li>Stipendiat des International Visitor Leadership Program (IVLP) des US-Au\u00dfenministeriums<\/li><li>Sprachen: Deutsch, Englisch, Franz\u00f6sisch, Spanisch (Leseverst\u00e4ndnis)<\/li><\/ul>\t\t\t\t\t\t\t\t<\/div>\n\t\t\t\t<\/div>\n\t\t\t\t<div class=\"elementor-element elementor-element-735af77 elementor-widget-divider--view-line elementor-widget elementor-widget-divider\" data-id=\"735af77\" data-element_type=\"widget\" data-widget_type=\"divider.default\">\n\t\t\t\t<div class=\"elementor-widget-container\">\n\t\t\t\t\t\t\t<div class=\"elementor-divider\">\n\t\t\t<span class=\"elementor-divider-separator\">\n\t\t\t\t\t\t<\/span>\n\t\t<\/div>\n\t\t\t\t\t\t<\/div>\n\t\t\t\t<\/div>\n\t\t\t\t<div class=\"elementor-element elementor-element-a408d40 accordeon-box elementor-widget elementor-widget-accordion\" data-id=\"a408d40\" data-element_type=\"widget\" data-widget_type=\"accordion.default\">\n\t\t\t\t<div class=\"elementor-widget-container\">\n\t\t\t\t\t\t\t<div class=\"elementor-accordion\">\n\t\t\t\t\t\t\t<div class=\"elementor-accordion-item\">\n\t\t\t\t\t<div id=\"elementor-tab-title-1721\" class=\"elementor-tab-title\" data-tab=\"1\" role=\"button\" aria-controls=\"elementor-tab-content-1721\" aria-expanded=\"false\">\n\t\t\t\t\t\t\t\t\t\t\t\t\t<span class=\"elementor-accordion-icon elementor-accordion-icon-left\" aria-hidden=\"true\">\n\t\t\t\t\t\t\t\t\t\t\t\t\t\t\t<span class=\"elementor-accordion-icon-closed\"><i class=\"fas fa-caret-down\"><\/i><\/span>\n\t\t\t\t\t\t\t\t<span class=\"elementor-accordion-icon-opened\"><i class=\"hm hm-minus-large\"><\/i><\/span>\n\t\t\t\t\t\t\t\t\t\t\t\t\t\t<\/span>\n\t\t\t\t\t\t\t\t\t\t\t\t<a class=\"elementor-accordion-title\" tabindex=\"0\">Erfahrung in Investitionsschiedsverfahren<\/a>\n\t\t\t\t\t<\/div>\n\t\t\t\t\t<div id=\"elementor-tab-content-1721\" class=\"elementor-tab-content elementor-clearfix\" data-tab=\"1\" role=\"region\" aria-labelledby=\"elementor-tab-title-1721\"><ul><li>Vertretung von Wintershall Dea in zwei parallelen ad-hoc Schiedsverfahren gegen die Russische F\u00f6deration betreffend den \u00d6l &amp; Gas Sektor<\/li><li>Vertretung von vier deutschen Banken in einem Schiedsverfahren gegen Spanien wegen dessen Reformen im Bereich erneuerbarer Energien (ICSID ARB\/15\/45)<\/li><li>Vertretung eines Investors in einem Schiedsverfahren gegen Spanien im Zusammenhang mit dessen Reformen im Bereich erneuerbarer Energien (ICSID ARB\/19\/30)<\/li><li>Vertretung einer Bank in einem Schiedsverfahren gegen Italien bez\u00fcglich eines Projekts im Bereich der erneuerbaren Energien (ICSID ARB\/20\/03)<\/li><li>Vertretung der Tschechischen Republik in einem von einem franz\u00f6sischen Werbeunternehmen angestrengten Schiedsverfahren (ICSID ARB\/20\/33)<\/li><li class=\"translation-block\">Teil des Teams, dass die Bundesrepublik Deutschland gegen Vattenfall im Schiedsverfahren bzgl. des deutschen Atomausstiegs, bis zu Beendigung per Vergleich, verteidigt hat (mit einem Streitwert nach Presseangaben von bis zu 7 Mrd. US$ (ICSID ARB\/12\/12)<\/li><li>Vertretung eines mitteleurop\u00e4ischen Fintech-Unternehmens in einem ICC-Schiedsverfahren gegen einen s\u00fcdosteurop\u00e4ischen Staat auf Basis des staatlichen Investitionsgesetzes<\/li><li>Sekret\u00e4r des Einzelschiedsrichters in einem Eilschiedsverfahren betreffend den \u00d6l &amp; Gas Sektor in einem afrikanischen Staat nach den SCC-Regeln<\/li><li>Beratung \u00fcber die Strukturierung von Investitionen zum Erhalt von Investitionsschutz f\u00fcr mehrere Transaktionen im Bereich \u00d6l &amp; Gas und dem Bergbausektor in ostafrikanischen Staaten<\/li><\/ul><\/div>\n\t\t\t\t<\/div>\n\t\t\t\t\t\t\t<div class=\"elementor-accordion-item\">\n\t\t\t\t\t<div id=\"elementor-tab-title-1722\" class=\"elementor-tab-title\" data-tab=\"2\" role=\"button\" aria-controls=\"elementor-tab-content-1722\" aria-expanded=\"false\">\n\t\t\t\t\t\t\t\t\t\t\t\t\t<span class=\"elementor-accordion-icon elementor-accordion-icon-left\" aria-hidden=\"true\">\n\t\t\t\t\t\t\t\t\t\t\t\t\t\t\t<span class=\"elementor-accordion-icon-closed\"><i class=\"fas fa-caret-down\"><\/i><\/span>\n\t\t\t\t\t\t\t\t<span class=\"elementor-accordion-icon-opened\"><i class=\"hm hm-minus-large\"><\/i><\/span>\n\t\t\t\t\t\t\t\t\t\t\t\t\t\t<\/span>\n\t\t\t\t\t\t\t\t\t\t\t\t<a class=\"elementor-accordion-title\" tabindex=\"0\">Erfahrung in Handelsschiedsverfahren<\/a>\n\t\t\t\t\t<\/div>\n\t\t\t\t\t<div id=\"elementor-tab-content-1722\" class=\"elementor-tab-content elementor-clearfix\" data-tab=\"2\" role=\"region\" aria-labelledby=\"elementor-tab-title-1722\"><ul class=\"ul1\"><li>Vertretung einer US-amerikanischen Tochtergesellschaft eines asiatischen Pharmaunternehmens gegen ein schwedisches Pharmaunternehmen in zwei Schiedsverfahren mit Sitz in Schweden (SCC-Fall)<\/li><li>Vertretung eines US-amerikanischen Importunternehmens von Luxusg\u00fctern in einem ICC-Schiedsverfahren gegen ein franz\u00f6sisches Unternehmen mit Sitz in der Schweiz (ICC-Fall)<\/li><li>Vertretung eines US-amerikanischen Unternehmens in einem ICC-Schiedsverfahren mit Sitz in den Niederlanden in einem Aktion\u00e4rsstreit nach franz\u00f6sischem Recht (ICC-Fall)<\/li><\/ul><\/div>\n\t\t\t\t<\/div>\n\t\t\t\t\t\t\t<div class=\"elementor-accordion-item\">\n\t\t\t\t\t<div id=\"elementor-tab-title-1723\" class=\"elementor-tab-title\" data-tab=\"3\" role=\"button\" aria-controls=\"elementor-tab-content-1723\" aria-expanded=\"false\">\n\t\t\t\t\t\t\t\t\t\t\t\t\t<span class=\"elementor-accordion-icon elementor-accordion-icon-left\" aria-hidden=\"true\">\n\t\t\t\t\t\t\t\t\t\t\t\t\t\t\t<span class=\"elementor-accordion-icon-closed\"><i class=\"fas fa-caret-down\"><\/i><\/span>\n\t\t\t\t\t\t\t\t<span class=\"elementor-accordion-icon-opened\"><i class=\"hm hm-minus-large\"><\/i><\/span>\n\t\t\t\t\t\t\t\t\t\t\t\t\t\t<\/span>\n\t\t\t\t\t\t\t\t\t\t\t\t<a class=\"elementor-accordion-title\" tabindex=\"0\">Erfahrung in Gerichtsverfahren<\/a>\n\t\t\t\t\t<\/div>\n\t\t\t\t\t<div id=\"elementor-tab-content-1723\" class=\"elementor-tab-content elementor-clearfix\" data-tab=\"3\" role=\"region\" aria-labelledby=\"elementor-tab-title-1723\"><ul class=\"ul1\"><li>Verteidigung eines deutschen \u00d6l- und Gasunternehmens gegen eine Klimaklage vor einem deutschen Gericht<\/li><\/ul><\/div>\n\t\t\t\t<\/div>\n\t\t\t\t\t\t\t<div class=\"elementor-accordion-item\">\n\t\t\t\t\t<div id=\"elementor-tab-title-1724\" class=\"elementor-tab-title\" data-tab=\"4\" role=\"button\" aria-controls=\"elementor-tab-content-1724\" aria-expanded=\"false\">\n\t\t\t\t\t\t\t\t\t\t\t\t\t<span class=\"elementor-accordion-icon elementor-accordion-icon-left\" aria-hidden=\"true\">\n\t\t\t\t\t\t\t\t\t\t\t\t\t\t\t<span class=\"elementor-accordion-icon-closed\"><i class=\"fas fa-caret-down\"><\/i><\/span>\n\t\t\t\t\t\t\t\t<span class=\"elementor-accordion-icon-opened\"><i class=\"hm hm-minus-large\"><\/i><\/span>\n\t\t\t\t\t\t\t\t\t\t\t\t\t\t<\/span>\n\t\t\t\t\t\t\t\t\t\t\t\t<a class=\"elementor-accordion-title\" tabindex=\"0\">Rankings<\/a>\n\t\t\t\t\t<\/div>\n\t\t\t\t\t<div id=\"elementor-tab-content-1724\" class=\"elementor-tab-content elementor-clearfix\" data-tab=\"4\" role=\"region\" aria-labelledby=\"elementor-tab-title-1724\"><ul><li class=\"translation-block\"><em>Best Lawyers\/Handelsblatt<\/em>: \u201eOnes to Watch\", Internationale Schiedsverfahren (seit 2024)<\/li><\/ul><\/div>\n\t\t\t\t<\/div>\n\t\t\t\t\t\t\t\t<\/div>\n\t\t\t\t\t\t<\/div>\n\t\t\t\t<\/div>\n\t\t\t\t\t<\/div>\n\t\t<\/div>\n\t\t\t\t\t<\/div>\n\t\t<\/section>\n\t\t\t\t\t<\/div>\n\t\t<\/div>\n\t\t\t\t\t<\/div>\n\t\t<\/section>\n\t\t\t\t<\/div>","protected":false},"excerpt":{"rendered":"<p>Pierre Trippel Partner +49 151 52246154 pierre.trippel@aurelius.law Pierre Trippel Partner +49 151 52246154 pierre.trippel@aurelius.law LinkedIn |\u00a0Download CV\u00a0| Download vCard LinkedIn Download CV\u00a0| Download vCard BACKGROUND Admitted to the German Bar in 2019 Bucerius Law School and Trinity College, University of Cambridge (Legal Studies) Former scholar of the German Academic Scholarship Foundation (Studienstiftung) Scholar of the [&hellip;]<\/p>","protected":false},"author":1,"featured_media":0,"parent":0,"menu_order":0,"comment_status":"closed","ping_status":"closed","template":"elementor_header_footer","meta":{"_acf_changed":false,"footnotes":""},"class_list":["post-3547","page","type-page","status-publish","hentry"],"acf":[],"_links":{"self":[{"href":"https:\/\/aurelius.law\/de\/wp-json\/wp\/v2\/pages\/3547","targetHints":{"allow":["GET"]}}],"collection":[{"href":"https:\/\/aurelius.law\/de\/wp-json\/wp\/v2\/pages"}],"about":[{"href":"https:\/\/aurelius.law\/de\/wp-json\/wp\/v2\/types\/page"}],"author":[{"embeddable":true,"href":"https:\/\/aurelius.law\/de\/wp-json\/wp\/v2\/users\/1"}],"replies":[{"embeddable":true,"href":"https:\/\/aurelius.law\/de\/wp-json\/wp\/v2\/comments?post=3547"}],"version-history":[{"count":47,"href":"https:\/\/aurelius.law\/de\/wp-json\/wp\/v2\/pages\/3547\/revisions"}],"predecessor-version":[{"id":5913,"href":"https:\/\/aurelius.law\/de\/wp-json\/wp\/v2\/pages\/3547\/revisions\/5913"}],"wp:attachment":[{"href":"https:\/\/aurelius.law\/de\/wp-json\/wp\/v2\/media?parent=3547"}],"curies":[{"name":"wp","href":"https:\/\/api.w.org\/{rel}","templated":true}]}}