{"id":3569,"date":"2023-04-09T09:20:56","date_gmt":"2023-04-09T09:20:56","guid":{"rendered":"https:\/\/aurelius.law\/?page_id=3569"},"modified":"2025-11-13T12:45:29","modified_gmt":"2025-11-13T12:45:29","slug":"maximilian-pika","status":"publish","type":"page","link":"https:\/\/aurelius.law\/de\/maximilian-pika\/","title":{"rendered":"Maximilian Pika"},"content":{"rendered":"<div data-elementor-type=\"wp-page\" data-elementor-id=\"3569\" class=\"elementor elementor-3569\" data-elementor-post-type=\"page\">\n\t\t\t\t\t\t<section class=\"elementor-section elementor-top-section elementor-element elementor-element-65d3f54 elementor-section-boxed elementor-section-height-default elementor-section-height-default\" data-id=\"65d3f54\" data-element_type=\"section\">\n\t\t\t\t\t\t<div class=\"elementor-container elementor-column-gap-no\">\n\t\t\t\t\t<div class=\"elementor-column elementor-col-100 elementor-top-column elementor-element elementor-element-7ce7fa1\" data-id=\"7ce7fa1\" data-element_type=\"column\">\n\t\t\t<div class=\"elementor-widget-wrap elementor-element-populated\">\n\t\t\t\t\t\t<section class=\"elementor-section elementor-inner-section elementor-element elementor-element-e650189 elementor-section-full_width elementor-section-height-min-height elementor-section-height-default\" data-id=\"e650189\" data-element_type=\"section\">\n\t\t\t\t\t\t<div class=\"elementor-container elementor-column-gap-no\">\n\t\t\t\t\t<div class=\"elementor-column elementor-col-100 elementor-inner-column elementor-element elementor-element-ecb93b6\" data-id=\"ecb93b6\" data-element_type=\"column\" data-settings=\"{&quot;background_background&quot;:&quot;classic&quot;}\">\n\t\t\t<div class=\"elementor-widget-wrap elementor-element-populated\">\n\t\t\t\t\t\t<div class=\"elementor-element elementor-element-d362f42 elementor-widget elementor-widget-spacer\" data-id=\"d362f42\" data-element_type=\"widget\" data-widget_type=\"spacer.default\">\n\t\t\t\t<div class=\"elementor-widget-container\">\n\t\t\t\t\t\t\t<div class=\"elementor-spacer\">\n\t\t\t<div class=\"elementor-spacer-inner\"><\/div>\n\t\t<\/div>\n\t\t\t\t\t\t<\/div>\n\t\t\t\t<\/div>\n\t\t\t\t\t<\/div>\n\t\t<\/div>\n\t\t\t\t\t<\/div>\n\t\t<\/section>\n\t\t\t\t<section class=\"elementor-section elementor-inner-section elementor-element elementor-element-c1f7a51 elementor-section-full_width elementor-section-height-default elementor-section-height-default\" data-id=\"c1f7a51\" data-element_type=\"section\">\n\t\t\t\t\t\t<div class=\"elementor-container elementor-column-gap-no\">\n\t\t\t\t\t<div class=\"elementor-column elementor-col-33 elementor-inner-column elementor-element elementor-element-aabbf6d cv-foto\" data-id=\"aabbf6d\" data-element_type=\"column\" data-settings=\"{&quot;background_background&quot;:&quot;classic&quot;}\">\n\t\t\t<div class=\"elementor-widget-wrap elementor-element-populated\">\n\t\t\t\t\t\t<div class=\"elementor-element elementor-element-023e01e elementor-widget elementor-widget-spacer\" data-id=\"023e01e\" data-element_type=\"widget\" data-widget_type=\"spacer.default\">\n\t\t\t\t<div class=\"elementor-widget-container\">\n\t\t\t\t\t\t\t<div class=\"elementor-spacer\">\n\t\t\t<div class=\"elementor-spacer-inner\"><\/div>\n\t\t<\/div>\n\t\t\t\t\t\t<\/div>\n\t\t\t\t<\/div>\n\t\t\t\t\t<\/div>\n\t\t<\/div>\n\t\t\t\t<div class=\"elementor-column elementor-col-33 elementor-inner-column elementor-element elementor-element-e037c54 elementor-hidden-desktop elementor-hidden-tablet_extra elementor-hidden-tablet\" data-id=\"e037c54\" data-element_type=\"column\" data-settings=\"{&quot;background_background&quot;:&quot;classic&quot;}\">\n\t\t\t<div class=\"elementor-widget-wrap elementor-element-populated\">\n\t\t\t\t\t\t<div class=\"elementor-element elementor-element-15970c7 elementor-hidden-desktop elementor-hidden-tablet_extra elementor-hidden-tablet elementor-widget elementor-widget-heading\" data-id=\"15970c7\" data-element_type=\"widget\" data-widget_type=\"heading.default\">\n\t\t\t\t<div class=\"elementor-widget-container\">\n\t\t\t\t\t<h1 class=\"elementor-heading-title elementor-size-large\">Maximilian Pika<\/h1>\t\t\t\t<\/div>\n\t\t\t\t<\/div>\n\t\t\t\t<div class=\"elementor-element elementor-element-290499b elementor-hidden-desktop elementor-hidden-tablet_extra elementor-hidden-tablet elementor-widget-divider--view-line elementor-widget elementor-widget-divider\" data-id=\"290499b\" data-element_type=\"widget\" data-widget_type=\"divider.default\">\n\t\t\t\t<div class=\"elementor-widget-container\">\n\t\t\t\t\t\t\t<div class=\"elementor-divider\">\n\t\t\t<span class=\"elementor-divider-separator\">\n\t\t\t\t\t\t<\/span>\n\t\t<\/div>\n\t\t\t\t\t\t<\/div>\n\t\t\t\t<\/div>\n\t\t\t\t<div class=\"elementor-element elementor-element-77d9709 elementor-hidden-desktop elementor-hidden-tablet_extra elementor-hidden-tablet elementor-widget elementor-widget-heading\" data-id=\"77d9709\" data-element_type=\"widget\" data-widget_type=\"heading.default\">\n\t\t\t\t<div class=\"elementor-widget-container\">\n\t\t\t\t\t<h3 class=\"elementor-heading-title elementor-size-large\">Partner<\/h3>\t\t\t\t<\/div>\n\t\t\t\t<\/div>\n\t\t\t\t<div class=\"elementor-element elementor-element-42aec8f elementor-widget elementor-widget-spacer\" data-id=\"42aec8f\" data-element_type=\"widget\" data-widget_type=\"spacer.default\">\n\t\t\t\t<div class=\"elementor-widget-container\">\n\t\t\t\t\t\t\t<div class=\"elementor-spacer\">\n\t\t\t<div class=\"elementor-spacer-inner\"><\/div>\n\t\t<\/div>\n\t\t\t\t\t\t<\/div>\n\t\t\t\t<\/div>\n\t\t\t\t<div class=\"elementor-element elementor-element-d5cf2ef elementor-widget__width-initial elementor-widget-tablet__width-inherit elementor-hidden-desktop elementor-hidden-tablet_extra elementor-hidden-tablet elementor-widget elementor-widget-text-editor\" data-id=\"d5cf2ef\" data-element_type=\"widget\" data-widget_type=\"text-editor.default\">\n\t\t\t\t<div class=\"elementor-widget-container\">\n\t\t\t\t\t\t\t\t\t<p><a href=\"tel:+491601039911\"><span style=\"color: #000000;\">+49 160 1039911<\/span><\/a><\/p><p><span style=\"color: #000000;\"><a style=\"color: #000000;\" href=\"mailto:contact@aurelius.law\">maximilian.pika@\u00adaurelius.law<\/a><br \/><\/span><\/p>\t\t\t\t\t\t\t\t<\/div>\n\t\t\t\t<\/div>\n\t\t\t\t\t<\/div>\n\t\t<\/div>\n\t\t\t\t<div class=\"elementor-column elementor-col-33 elementor-inner-column elementor-element elementor-element-6fc205e cv-text\" data-id=\"6fc205e\" data-element_type=\"column\" data-settings=\"{&quot;background_background&quot;:&quot;classic&quot;}\">\n\t\t\t<div class=\"elementor-widget-wrap elementor-element-populated\">\n\t\t\t\t\t\t<div class=\"elementor-element elementor-element-6764e24 elementor-hidden-mobile elementor-widget elementor-widget-heading\" data-id=\"6764e24\" data-element_type=\"widget\" data-widget_type=\"heading.default\">\n\t\t\t\t<div class=\"elementor-widget-container\">\n\t\t\t\t\t<h1 class=\"elementor-heading-title elementor-size-large\">Maximilian Pika<\/h1>\t\t\t\t<\/div>\n\t\t\t\t<\/div>\n\t\t\t\t<div class=\"elementor-element elementor-element-b4f687a elementor-hidden-mobile elementor-widget-divider--view-line elementor-widget elementor-widget-divider\" data-id=\"b4f687a\" data-element_type=\"widget\" data-widget_type=\"divider.default\">\n\t\t\t\t<div class=\"elementor-widget-container\">\n\t\t\t\t\t\t\t<div class=\"elementor-divider\">\n\t\t\t<span class=\"elementor-divider-separator\">\n\t\t\t\t\t\t<\/span>\n\t\t<\/div>\n\t\t\t\t\t\t<\/div>\n\t\t\t\t<\/div>\n\t\t\t\t<div class=\"elementor-element elementor-element-4db3f22 elementor-hidden-mobile elementor-widget elementor-widget-heading\" data-id=\"4db3f22\" data-element_type=\"widget\" data-widget_type=\"heading.default\">\n\t\t\t\t<div class=\"elementor-widget-container\">\n\t\t\t\t\t<h3 class=\"elementor-heading-title elementor-size-large\">Partner<\/h3>\t\t\t\t<\/div>\n\t\t\t\t<\/div>\n\t\t\t\t<div class=\"elementor-element elementor-element-c55e186 elementor-widget-divider--view-line elementor-widget elementor-widget-divider\" data-id=\"c55e186\" data-element_type=\"widget\" data-widget_type=\"divider.default\">\n\t\t\t\t<div class=\"elementor-widget-container\">\n\t\t\t\t\t\t\t<div class=\"elementor-divider\">\n\t\t\t<span class=\"elementor-divider-separator\">\n\t\t\t\t\t\t<\/span>\n\t\t<\/div>\n\t\t\t\t\t\t<\/div>\n\t\t\t\t<\/div>\n\t\t\t\t<div class=\"elementor-element elementor-element-4ea7f1a elementor-widget__width-initial elementor-widget-tablet__width-inherit elementor-widget-mobile__width-initial elementor-hidden-mobile elementor-widget elementor-widget-text-editor\" data-id=\"4ea7f1a\" data-element_type=\"widget\" data-widget_type=\"text-editor.default\">\n\t\t\t\t<div class=\"elementor-widget-container\">\n\t\t\t\t\t\t\t\t\t<p><a href=\"tel:+491601039911\"><span style=\"color: #000000;\">+49 160 1039911<\/span><\/a><\/p><p><span style=\"color: #000000;\"><a style=\"color: #000000;\" href=\"mailto:contact@aurelius.law\">maximilian.pika@\u00adaurelius.law<\/a><br \/><\/span><\/p>\t\t\t\t\t\t\t\t<\/div>\n\t\t\t\t<\/div>\n\t\t\t\t<div class=\"elementor-element elementor-element-b68a4ac elementor-widget__width-initial elementor-widget-tablet__width-inherit elementor-hidden-desktop elementor-hidden-tablet_extra elementor-hidden-tablet elementor-widget elementor-widget-text-editor\" data-id=\"b68a4ac\" data-element_type=\"widget\" data-widget_type=\"text-editor.default\">\n\t\t\t\t<div class=\"elementor-widget-container\">\n\t\t\t\t\t\t\t\t\t<p><a href=\"https:\/\/www.linkedin.com\/in\/maximilian-pika\/\" target=\"_blank\" rel=\"noopener\">LinkedIn<\/a><span style=\"color: #000000;\"> | <\/span><a href=\"https:\/\/aurelius.law\/wp-content\/uploads\/Dr.-Maximilian-Pika-CV-DE.pdf\" target=\"_blank\" rel=\"noopener\">CV Herunterladen<\/a><span style=\"color: #000000;\">\u00a0 |\u00a0 <\/span><a href=\"https:\/\/aurelius.law\/wp-content\/uploads\/CV-MP.pdf\" target=\"_blank\" rel=\"noopener\">vCard Herunterladen<\/a><\/p>\t\t\t\t\t\t\t\t<\/div>\n\t\t\t\t<\/div>\n\t\t\t\t<div class=\"elementor-element elementor-element-759eed4 elementor-widget__width-initial elementor-widget-tablet__width-inherit elementor-widget-mobile__width-initial elementor-hidden-mobile elementor-widget elementor-widget-text-editor\" data-id=\"759eed4\" data-element_type=\"widget\" data-widget_type=\"text-editor.default\">\n\t\t\t\t<div class=\"elementor-widget-container\">\n\t\t\t\t\t\t\t\t\t<p><a href=\"https:\/\/www.linkedin.com\/in\/maximilian-pika\/\" target=\"_blank\" rel=\"noopener\">LinkedIn<\/a><\/p><p class=\"translation-block\"><span style=\"color: #000000\"><a href=\"https:\/\/aurelius.law\/wp-content\/uploads\/CV-MP_DE.pdf\" target=\"_blank\" rel=\"noopener\">CV Herunterladen<\/a>\u00a0\u00a0 | <a href=\"https:\/\/aurelius.law\/wp-content\/uploads\/Dr.-Maximilian-Pika.vcf\" target=\"_blank\" rel=\"noopener\">vCard Herunterladen<\/a><br><\/span><\/p>\t\t\t\t\t\t\t\t<\/div>\n\t\t\t\t<\/div>\n\t\t\t\t<div class=\"elementor-element elementor-element-5ee11da elementor-widget-divider--view-line elementor-widget elementor-widget-divider\" data-id=\"5ee11da\" data-element_type=\"widget\" data-widget_type=\"divider.default\">\n\t\t\t\t<div class=\"elementor-widget-container\">\n\t\t\t\t\t\t\t<div class=\"elementor-divider\">\n\t\t\t<span class=\"elementor-divider-separator\">\n\t\t\t\t\t\t<\/span>\n\t\t<\/div>\n\t\t\t\t\t\t<\/div>\n\t\t\t\t<\/div>\n\t\t\t\t<div class=\"elementor-element elementor-element-b8c1d28 textbox elementor-widget elementor-widget-text-editor\" data-id=\"b8c1d28\" data-element_type=\"widget\" data-settings=\"{&quot;motion_fx_motion_fx_scrolling&quot;:&quot;yes&quot;,&quot;motion_fx_devices&quot;:[&quot;desktop&quot;,&quot;tablet_extra&quot;,&quot;tablet&quot;,&quot;mobile&quot;]}\" data-widget_type=\"text-editor.default\">\n\t\t\t\t<div class=\"elementor-widget-container\">\n\t\t\t\t\t\t\t\t\t<h5><strong>Qualifikationen<\/strong><\/h5><ul><li>Rechtsanwalt seit 2017<\/li><li>Barrister, England &amp; Wales<\/li><li class=\"translation-block\">Universit\u00e4t Heidelberg, Dr. iur., <em>summa cum laude<\/em>; ehemaliger Wiss. Assistent<\/li><li>Haager Akademie f\u00fcr V\u00f6lkerrecht, Diplom<\/li><li class=\"translation-block\">Ehemaliger Stipendiat der Studienstiftung des deutschen Volkes<\/li><li>Sprachen: Deutsch, Englisch, Franz\u00f6sisch, Italienisch, Spanisch (Leseverst\u00e4ndnis)<\/li><\/ul>\t\t\t\t\t\t\t\t<\/div>\n\t\t\t\t<\/div>\n\t\t\t\t<div class=\"elementor-element elementor-element-2fee5a2 elementor-widget-divider--view-line elementor-widget elementor-widget-divider\" data-id=\"2fee5a2\" data-element_type=\"widget\" data-widget_type=\"divider.default\">\n\t\t\t\t<div class=\"elementor-widget-container\">\n\t\t\t\t\t\t\t<div class=\"elementor-divider\">\n\t\t\t<span class=\"elementor-divider-separator\">\n\t\t\t\t\t\t<\/span>\n\t\t<\/div>\n\t\t\t\t\t\t<\/div>\n\t\t\t\t<\/div>\n\t\t\t\t<div class=\"elementor-element elementor-element-e3b02fb accordeon-box elementor-widget elementor-widget-accordion\" data-id=\"e3b02fb\" data-element_type=\"widget\" data-widget_type=\"accordion.default\">\n\t\t\t\t<div class=\"elementor-widget-container\">\n\t\t\t\t\t\t\t<div class=\"elementor-accordion\">\n\t\t\t\t\t\t\t<div class=\"elementor-accordion-item\">\n\t\t\t\t\t<div id=\"elementor-tab-title-2381\" class=\"elementor-tab-title\" data-tab=\"1\" role=\"button\" aria-controls=\"elementor-tab-content-2381\" aria-expanded=\"false\">\n\t\t\t\t\t\t\t\t\t\t\t\t\t<span class=\"elementor-accordion-icon elementor-accordion-icon-left\" aria-hidden=\"true\">\n\t\t\t\t\t\t\t\t\t\t\t\t\t\t\t<span class=\"elementor-accordion-icon-closed\"><i class=\"fas fa-caret-down\"><\/i><\/span>\n\t\t\t\t\t\t\t\t<span class=\"elementor-accordion-icon-opened\"><i class=\"hm hm-minus-large\"><\/i><\/span>\n\t\t\t\t\t\t\t\t\t\t\t\t\t\t<\/span>\n\t\t\t\t\t\t\t\t\t\t\t\t<a class=\"elementor-accordion-title\" tabindex=\"0\">Erfahrung in Investitionsschiedsverfahren<\/a>\n\t\t\t\t\t<\/div>\n\t\t\t\t\t<div id=\"elementor-tab-content-2381\" class=\"elementor-tab-content elementor-clearfix\" data-tab=\"1\" role=\"region\" aria-labelledby=\"elementor-tab-title-2381\"><ul><li>Verteidigung der Bundesrepublik Deutschland gegen Vattenfall im Schiedsverfahren bzgl. des deutschen Atomausstiegs mit einem Streitwert nach Presseangaben von bis zu 7 Mrd. US$ bis zu Beendigung per Vergleich (ICSID ARB\/12\/12)<\/li><li>Verteidigung der Bundesrepublik Deutschland gegen Azienda Elettrica in einem Schiedsverfahren bzgl. des deutschen Kohleausstiegs (ICSID Case No. ARB\/23\/47)<\/li><li>Vertretung von Wintershall Dea in zwei parallelen ad-hoc Schiedsverfahren gegen die Russische F\u00f6deration betreffend den \u00d6l &amp; Gas Sektor<\/li><li>Vertretung von vier deutschen Banken in einem Schiedsverfahren gegen Spanien wegen dessen Reformen im Bereich erneuerbarer Energien (ICSID ARB\/15\/45)<\/li><li>Vertretung eines Investors in einem Schiedsverfahren gegen Spanien im Zusammenhang mit dessen Reformen im Bereich erneuerbarer Energien (ICSID ARB\/19\/30)<\/li><li>Vertretung einer Bank in einem Schiedsverfahren gegen Italien bez\u00fcglich eines Projekts im Bereich der erneuerbaren Energien (ICSID ARB\/20\/03)<\/li><li>Vertretung der Tschechischen Republik in einem von einem franz\u00f6sischen Werbeunternehmen angestrengten Schiedsverfahren (ICSID ARB\/20\/33)<\/li><li>Vertretung eines mitteleurop\u00e4ischen Fintech-Unternehmens in einem ICC-Schiedsverfahren gegen einen s\u00fcdosteurop\u00e4ischen Staat auf Basis des staatlichen Investitionsgesetzes<\/li><li class=\"translation-block\">Beratung eines s\u00fcdosteurop\u00e4ischen Staates in einem <em>ad-hoc<\/em> Schiedsverfahren betreffend den Bergbausektor<\/li><\/ul><\/div>\n\t\t\t\t<\/div>\n\t\t\t\t\t\t\t<div class=\"elementor-accordion-item\">\n\t\t\t\t\t<div id=\"elementor-tab-title-2382\" class=\"elementor-tab-title\" data-tab=\"2\" role=\"button\" aria-controls=\"elementor-tab-content-2382\" aria-expanded=\"false\">\n\t\t\t\t\t\t\t\t\t\t\t\t\t<span class=\"elementor-accordion-icon elementor-accordion-icon-left\" aria-hidden=\"true\">\n\t\t\t\t\t\t\t\t\t\t\t\t\t\t\t<span class=\"elementor-accordion-icon-closed\"><i class=\"fas fa-caret-down\"><\/i><\/span>\n\t\t\t\t\t\t\t\t<span class=\"elementor-accordion-icon-opened\"><i class=\"hm hm-minus-large\"><\/i><\/span>\n\t\t\t\t\t\t\t\t\t\t\t\t\t\t<\/span>\n\t\t\t\t\t\t\t\t\t\t\t\t<a class=\"elementor-accordion-title\" tabindex=\"0\">Erfahrung in Handelsschiedsverfahren<\/a>\n\t\t\t\t\t<\/div>\n\t\t\t\t\t<div id=\"elementor-tab-content-2382\" class=\"elementor-tab-content elementor-clearfix\" data-tab=\"2\" role=\"region\" aria-labelledby=\"elementor-tab-title-2382\"><ul class=\"ul1\"><li>Vertretung einer US-amerikanischen Tochtergesellschaft eines asiatischen Pharmaunternehmens gegen ein schwedisches Pharmaunternehmen in zwei Schiedsverfahren mit Sitz in Schweden (SCC-Fall)<\/li><li>Vertretung eines US-amerikanischen Importunternehmens f\u00fcr Luxusg\u00fcter gegen einen franz\u00f6sischen Produzenten in einem ICC-Schiedsverfahren mit Sitz in der Schweiz (ICC-Fall)<\/li><li>Vertretung eines US-amerikanischen Unternehmens in einem ICC-Schiedsverfahren mit Sitz in den Niederlanden in einem Aktion\u00e4rsstreit nach franz\u00f6sischem Recht (ICC-Fall)<\/li><li>Vertretung eines US-amerikanischen Unternehmens in einer gesellschaftsrechtlichen Streitigkeit nach New Yorker Recht (ICDR-Fall)<\/li><li>Vertretung eines US-amerikanischen Unternehmens in einem energierechtlichen Schiedsverfahren nach dem Recht der Cayman Islands (ICC-Fall)<\/li><li>Vertretung eines US-amerikanischen Unternehmens in einem Schiedsverfahren mit Sitz in New York \u00fcber die Herstellung von Bekleidung (ICC-Fall)<\/li><li>Vertretung eines deutschen Telekommunikationsunternehmens in einem Schiedsverfahren mit Sitz in Deutschland mit einem Streitwert von ungef\u00e4hr 100 Millionen Euro (DIS-Fall)<\/li><li>Vorsitzender Schiedsrichter in einem DIS Verfahren nach deutschem Recht mit Sitz in Deutschland im Bereich Telekommunikation\/Medien\/Technologie (TMT)<\/li><li>Sekret\u00e4r des Schiedsgerichts in einem Schiedsverfahren aus dem Bereich \u00d6l &amp; Gas nach den UNIDROIT Principles on International Commercial Contracts mit Sitz in Singapur (SIAC-Fall)<\/li><li>Sekret\u00e4r des Schiedsgerichts in einem Schiedsverfahren zwischen einem schweizerischen und einem koreanischen Unternehmen aus dem Life Science Sektor mit Sitz in Singapur (SIAC-Fall)<\/li><li>Sekret\u00e4r des Einzelschiedsrichters in einem Schiedsverfahren aus dem Bereich Maschinenbau mit Sitz in der Schweiz (Swiss Rules-Fall)<\/li><\/ul><\/div>\n\t\t\t\t<\/div>\n\t\t\t\t\t\t\t<div class=\"elementor-accordion-item\">\n\t\t\t\t\t<div id=\"elementor-tab-title-2383\" class=\"elementor-tab-title\" data-tab=\"3\" role=\"button\" aria-controls=\"elementor-tab-content-2383\" aria-expanded=\"false\">\n\t\t\t\t\t\t\t\t\t\t\t\t\t<span class=\"elementor-accordion-icon elementor-accordion-icon-left\" aria-hidden=\"true\">\n\t\t\t\t\t\t\t\t\t\t\t\t\t\t\t<span class=\"elementor-accordion-icon-closed\"><i class=\"fas fa-caret-down\"><\/i><\/span>\n\t\t\t\t\t\t\t\t<span class=\"elementor-accordion-icon-opened\"><i class=\"hm hm-minus-large\"><\/i><\/span>\n\t\t\t\t\t\t\t\t\t\t\t\t\t\t<\/span>\n\t\t\t\t\t\t\t\t\t\t\t\t<a class=\"elementor-accordion-title\" tabindex=\"0\">Erfahrung in Gerichtsverfahren<\/a>\n\t\t\t\t\t<\/div>\n\t\t\t\t\t<div id=\"elementor-tab-content-2383\" class=\"elementor-tab-content elementor-clearfix\" data-tab=\"3\" role=\"region\" aria-labelledby=\"elementor-tab-title-2383\"><ul class=\"ul1\"><li>Verteidigung eines deutschen \u00d6l- und Gasunternehmens gegen eine Klimaklage vor einem deutschen Gericht<\/li><\/ul><\/div>\n\t\t\t\t<\/div>\n\t\t\t\t\t\t\t<div class=\"elementor-accordion-item\">\n\t\t\t\t\t<div id=\"elementor-tab-title-2384\" class=\"elementor-tab-title\" data-tab=\"4\" role=\"button\" aria-controls=\"elementor-tab-content-2384\" aria-expanded=\"false\">\n\t\t\t\t\t\t\t\t\t\t\t\t\t<span class=\"elementor-accordion-icon elementor-accordion-icon-left\" aria-hidden=\"true\">\n\t\t\t\t\t\t\t\t\t\t\t\t\t\t\t<span class=\"elementor-accordion-icon-closed\"><i class=\"fas fa-caret-down\"><\/i><\/span>\n\t\t\t\t\t\t\t\t<span class=\"elementor-accordion-icon-opened\"><i class=\"hm hm-minus-large\"><\/i><\/span>\n\t\t\t\t\t\t\t\t\t\t\t\t\t\t<\/span>\n\t\t\t\t\t\t\t\t\t\t\t\t<a class=\"elementor-accordion-title\" tabindex=\"0\">Rankings<\/a>\n\t\t\t\t\t<\/div>\n\t\t\t\t\t<div id=\"elementor-tab-content-2384\" class=\"elementor-tab-content elementor-clearfix\" data-tab=\"4\" role=\"region\" aria-labelledby=\"elementor-tab-title-2384\"><ul><li class=\"translation-block\"><em>Leaders League<\/em>: Schiedsrichter, Deutschland, \u201eempfohlen\u201c (seit 2023)<\/li><li class=\"translation-block\"><em>Best Lawyers\/Handelsblatt<\/em>: \u201eOne to Watch\", Schiedsverfahren, Deutschland (seit 2022)<\/li><li class=\"translation-block\"><em>Global Arbitration Review<\/em>: Nennung (seit 2022)<\/li><li class=\"translation-block\"><em>Legal 500<\/em>: Nennung (seit 2022)<\/li><li class=\"translation-block\"><em>Chambers Global<\/em>: Nennung (seit 2022)<\/li><\/ul><\/div>\n\t\t\t\t<\/div>\n\t\t\t\t\t\t\t<div class=\"elementor-accordion-item\">\n\t\t\t\t\t<div id=\"elementor-tab-title-2385\" class=\"elementor-tab-title\" data-tab=\"5\" role=\"button\" aria-controls=\"elementor-tab-content-2385\" aria-expanded=\"false\">\n\t\t\t\t\t\t\t\t\t\t\t\t\t<span class=\"elementor-accordion-icon elementor-accordion-icon-left\" aria-hidden=\"true\">\n\t\t\t\t\t\t\t\t\t\t\t\t\t\t\t<span class=\"elementor-accordion-icon-closed\"><i class=\"fas fa-caret-down\"><\/i><\/span>\n\t\t\t\t\t\t\t\t<span class=\"elementor-accordion-icon-opened\"><i class=\"hm hm-minus-large\"><\/i><\/span>\n\t\t\t\t\t\t\t\t\t\t\t\t\t\t<\/span>\n\t\t\t\t\t\t\t\t\t\t\t\t<a class=\"elementor-accordion-title\" tabindex=\"0\">Ausgew\u00e4hlte Ver\u00f6ffentlichungen<\/a>\n\t\t\t\t\t<\/div>\n\t\t\t\t\t<div id=\"elementor-tab-content-2385\" class=\"elementor-tab-content elementor-clearfix\" data-tab=\"5\" role=\"region\" aria-labelledby=\"elementor-tab-title-2385\"><ul><li><em>Third-Party Effects of Arbitral Awards<\/em>, Wolters Kluwer, International Arbitration Law Library, Volume 49, 2019, 368 + XX pp. (Foreword by Prof. Campbell McLachlan QC)<\/li><li>\u201cAuf dem Weg zu einem europ\u00e4ischen Schiedsverfahrensrecht oder zu au\u00dfereurop\u00e4ischen Schiedsorten?\u201c, [2023] <em>Praxis des Internationalen Privat- und Verfahrensrechts (IPRax)<\/em><\/li><li>\u201cHarte Patronatserkl\u00e4rungen und Wahlschulden nach EuGVVO und Rom I-VO\u201d [2022] <em>Praxis des Internationalen Privat- und Verfahrensrechts (IPRax)<\/em>, pp. 159-164<\/li><li>\u201eAbuse of Process\u201d, Jus Mundi, Wiki, last update 2022<\/li><li>\u201cRes Judicata\u201d, Jus Mundi, Wiki, last update 2022<\/li><li>\u201cFull Protection and Security\u201d, Jus Mundi, last update 2022 (with Arne Fuchs)<\/li><li>\u201cSchiedsvereinbarungsstatut und konkludente Rechtswahl\u201d, [2021] <em>Praxis des Internationalen Privat- und Verfahrensrechts (IPRax)<\/em>, pp. 508-512<\/li><li>Case Note, Higher Regional Court of Munich, 20 December 2019, 34 Sch 14\/18 (Article VI New York Convention), [2020] <em>German Arbitration Journal (SchiedsVZ)<\/em>, pp. 150-154<\/li><li>Case Note, German Federal Court of Justice, 11 October 2018, I ZB 9\/18 (on res judicata in arbitration), [2019] <em>German Arbitration Journal (SchiedsVZ)<\/em>, pp. 150-154<\/li><li>\u201cSchiedsspruch ultra partes? \u2013 Die subjektive Rechtskrafterstreckung anhand von Parteiautonomie und rechtlichem Geh\u00f6r\u201d, (2018) 131 <em>Zeitschrift f\u00fcr Zivilprozess<\/em>, pp. 225-259<\/li><li>\u201cVertrauensschutz im Vertriebsrecht\u201d, [2017] <em>Zeitschrift f\u00fcr Europ\u00e4isches Privatrecht<\/em>, pp. 32-63 (with Dr. Leonhard Huebner)<\/li><li>\u201cPrivatscheidungen zwischen europ\u00e4ischem Kollisions- und Zivilprozessrecht\u201d, [2017] <em>Praxis des Internationalen Privat- und Verfahrensrechts (IPRax)<\/em>, pp. 37-48 (with Prof. Marc-Philippe Weller)<\/li><li>\u201cDas Rechtsbehelfssystem des CISG\u201d, [2016] <em>Juristische Schulung<\/em>, pp. 781-786<\/li><li>\u201cDie Kammer f\u00fcr internationale Handelssachen \u2013 Eine einmalige Gelegenheit durch den Brexit\u201d, [2016] <em>Zeitschrift f\u00fcr Internationales Wirtschaftsrecht<\/em>, pp. 206-209<\/li><li>Case Note, DIRECTV v. Imburgia, 136 S. Ct. 48 (on class actions and arbitration), [2016] <em>German Arbitration Journal (SchiedsVZ)<\/em>, pp. 38-40 (with Pierre Trippel)<\/li><li>\u201cDer Ankn\u00fcpfungsgegenstand von Art. 12 Rom II-VO\u201d, [2014] <em>Praxis des Internationalen Privat- und Verfahrensrechts (IPRax)<\/em>, pp. 305-309<\/li><\/ul><\/div>\n\t\t\t\t<\/div>\n\t\t\t\t\t\t\t\t<\/div>\n\t\t\t\t\t\t<\/div>\n\t\t\t\t<\/div>\n\t\t\t\t\t<\/div>\n\t\t<\/div>\n\t\t\t\t\t<\/div>\n\t\t<\/section>\n\t\t\t\t\t<\/div>\n\t\t<\/div>\n\t\t\t\t\t<\/div>\n\t\t<\/section>\n\t\t\t\t<\/div>","protected":false},"excerpt":{"rendered":"<p>Maximilian Pika Partner +49 160 1039911 maximilian.pika@\u00adaurelius.law Maximilian Pika Partner +49 160 1039911 maximilian.pika@\u00adaurelius.law LinkedIn | Download CV\u00a0 |\u00a0 Download vCard LinkedIn Download CV\u00a0 |\u00a0 Download vCard BACKGROUND Admitted to the German Bar in 2017 Barrister, England &amp; Wales Heidelberg University, Dr. iur., summa cum laude; former Assistant The Hague Academy of International Law, Diploma [&hellip;]<\/p>","protected":false},"author":1,"featured_media":0,"parent":0,"menu_order":0,"comment_status":"closed","ping_status":"closed","template":"elementor_header_footer","meta":{"_acf_changed":false,"footnotes":""},"class_list":["post-3569","page","type-page","status-publish","hentry"],"acf":[],"_links":{"self":[{"href":"https:\/\/aurelius.law\/de\/wp-json\/wp\/v2\/pages\/3569","targetHints":{"allow":["GET"]}}],"collection":[{"href":"https:\/\/aurelius.law\/de\/wp-json\/wp\/v2\/pages"}],"about":[{"href":"https:\/\/aurelius.law\/de\/wp-json\/wp\/v2\/types\/page"}],"author":[{"embeddable":true,"href":"https:\/\/aurelius.law\/de\/wp-json\/wp\/v2\/users\/1"}],"replies":[{"embeddable":true,"href":"https:\/\/aurelius.law\/de\/wp-json\/wp\/v2\/comments?post=3569"}],"version-history":[{"count":41,"href":"https:\/\/aurelius.law\/de\/wp-json\/wp\/v2\/pages\/3569\/revisions"}],"predecessor-version":[{"id":6469,"href":"https:\/\/aurelius.law\/de\/wp-json\/wp\/v2\/pages\/3569\/revisions\/6469"}],"wp:attachment":[{"href":"https:\/\/aurelius.law\/de\/wp-json\/wp\/v2\/media?parent=3569"}],"curies":[{"name":"wp","href":"https:\/\/api.w.org\/{rel}","templated":true}]}}